{"id":99,"date":"2020-11-19T09:17:45","date_gmt":"2020-11-19T09:17:45","guid":{"rendered":"https:\/\/demo.bosathemes.com\/bosa\/agency\/?page_id=357"},"modified":"2025-03-24T22:03:11","modified_gmt":"2025-03-24T22:03:11","slug":"miembros","status":"publish","type":"page","link":"https:\/\/ccargenesp.org\/live\/miembros\/","title":{"rendered":"Membres\u00edas"},"content":{"rendered":"\t\t<div data-elementor-type=\"wp-page\" data-elementor-id=\"99\" class=\"elementor elementor-99\" data-elementor-post-type=\"page\">\n\t\t\t\t\t\t<section class=\"elementor-section elementor-top-section elementor-element elementor-element-9245c16 elementor-section-boxed elementor-section-height-default elementor-section-height-default\" data-id=\"9245c16\" data-element_type=\"section\" data-settings=\"{&quot;background_background&quot;:&quot;classic&quot;}\">\n\t\t\t\t\t\t\t<div class=\"elementor-background-overlay\"><\/div>\n\t\t\t\t\t\t\t<div class=\"elementor-container elementor-column-gap-default\">\n\t\t\t\t\t<div class=\"elementor-column elementor-col-100 elementor-top-column elementor-element elementor-element-55eaa98\" data-id=\"55eaa98\" data-element_type=\"column\">\n\t\t\t<div class=\"elementor-widget-wrap elementor-element-populated\">\n\t\t\t\t\t\t<div class=\"elementor-element elementor-element-26c825c elementor-widget elementor-widget-spacer\" data-id=\"26c825c\" data-element_type=\"widget\" data-widget_type=\"spacer.default\">\n\t\t\t\t<div class=\"elementor-widget-container\">\n\t\t\t\t\t<div class=\"elementor-spacer\">\n\t\t\t<div class=\"elementor-spacer-inner\"><\/div>\n\t\t<\/div>\n\t\t\t\t<\/div>\n\t\t\t\t<\/div>\n\t\t\t\t<div class=\"elementor-element elementor-element-5413f84 elementor-widget elementor-widget-heading\" data-id=\"5413f84\" data-element_type=\"widget\" data-widget_type=\"heading.default\">\n\t\t\t\t<div class=\"elementor-widget-container\">\n\t\t\t<h2 class=\"elementor-heading-title elementor-size-default\">Membres\u00edas<\/h2>\t\t<\/div>\n\t\t\t\t<\/div>\n\t\t\t\t\t<\/div>\n\t\t<\/div>\n\t\t\t\t\t<\/div>\n\t\t<\/section>\n\t\t\t\t<section class=\"elementor-section elementor-top-section elementor-element elementor-element-0b69fa3 elementor-section-boxed elementor-section-height-default elementor-section-height-default\" data-id=\"0b69fa3\" data-element_type=\"section\">\n\t\t\t\t\t\t<div class=\"elementor-container elementor-column-gap-default\">\n\t\t\t\t\t<div class=\"elementor-column elementor-col-50 elementor-top-column elementor-element elementor-element-fafeabc\" data-id=\"fafeabc\" data-element_type=\"column\" data-settings=\"{&quot;background_background&quot;:&quot;classic&quot;}\">\n\t\t\t<div class=\"elementor-widget-wrap elementor-element-populated\">\n\t\t\t\t\t\t<div class=\"elementor-element elementor-element-7a8bf34 elementor-invisible elementor-widget elementor-widget-heading\" data-id=\"7a8bf34\" data-element_type=\"widget\" data-settings=\"{&quot;_animation&quot;:&quot;fadeInRight&quot;}\" data-widget_type=\"heading.default\">\n\t\t\t\t<div class=\"elementor-widget-container\">\n\t\t\t<h2 class=\"elementor-heading-title elementor-size-default\">Membres\u00eda Individual<\/h2>\t\t<\/div>\n\t\t\t\t<\/div>\n\t\t\t\t<div class=\"elementor-element elementor-element-445c14a elementor-invisible elementor-widget elementor-widget-image\" data-id=\"445c14a\" data-element_type=\"widget\" data-settings=\"{&quot;_animation&quot;:&quot;fadeInLeft&quot;}\" data-widget_type=\"image.default\">\n\t\t\t\t<div class=\"elementor-widget-container\">\n\t\t\t\t\t\t\t\t\t\t\t\t\t<img fetchpriority=\"high\" decoding=\"async\" width=\"612\" height=\"408\" src=\"https:\/\/ccargenesp.org\/live\/wp-content\/uploads\/2025\/03\/000individual.jpg\" class=\"attachment-large size-large wp-image-3005\" alt=\"\" srcset=\"https:\/\/ccargenesp.org\/live\/wp-content\/uploads\/2025\/03\/000individual.jpg 612w, https:\/\/ccargenesp.org\/live\/wp-content\/uploads\/2025\/03\/000individual-300x200.jpg 300w, https:\/\/ccargenesp.org\/live\/wp-content\/uploads\/2025\/03\/000individual-600x400.jpg 600w\" sizes=\"(max-width: 612px) 100vw, 612px\" \/>\t\t\t\t\t\t\t\t\t\t\t\t\t<\/div>\n\t\t\t\t<\/div>\n\t\t\t\t<div class=\"elementor-element elementor-element-2afdedb elementor-invisible elementor-widget elementor-widget-text-editor\" data-id=\"2afdedb\" data-element_type=\"widget\" data-settings=\"{&quot;_animation&quot;:&quot;fadeIn&quot;}\" data-widget_type=\"text-editor.default\">\n\t\t\t\t<div class=\"elementor-widget-container\">\n\t\t\t\t\t\t\t<p><span style=\"color: #000000;\">Membres\u00eda orientada especialmente a personas f\u00edsicas interesadas en participar activamente en las actividades de la C\u00e1mara, ya sea como empresarios, profesionales o acad\u00e9micos. Los beneficios de esta membres\u00eda incluyen:<\/span><\/p><ul><li><span style=\"color: #000000;\">\u00a0Acceso a eventos, seminarios y conferencias organizados por la C\u00e1mara.<\/span><\/li><li><span style=\"color: #000000;\">Oportunidades de Networking con otros profesionales y empresarios.<\/span><\/li><li><span style=\"color: #000000;\">Acceso a publicaciones, boletines y estudios sobre comercio bilateral.<\/span><\/li><li><span style=\"color: #000000;\">Derecho a voto en la elecci\u00f3n de los \u00f3rganos de gobierno.<\/span><\/li><\/ul>\t\t\t\t\t\t<\/div>\n\t\t\t\t<\/div>\n\t\t\t\t<div class=\"elementor-element elementor-element-9ca66ed elementor-invisible elementor-widget elementor-widget-text-editor\" data-id=\"9ca66ed\" data-element_type=\"widget\" data-settings=\"{&quot;_animation&quot;:&quot;fadeIn&quot;}\" data-widget_type=\"text-editor.default\">\n\t\t\t\t<div class=\"elementor-widget-container\">\n\t\t\t\t\t\t\t<blockquote><h3 style=\"text-align: center;\"><span style=\"color: #333333;\">Haz crecer tu negocio con nuestra red de contactos<\/span><\/h3><\/blockquote>\t\t\t\t\t\t<\/div>\n\t\t\t\t<\/div>\n\t\t\t\t<div class=\"elementor-element elementor-element-c47ffe1 elementor-align-center elementor-widget elementor-widget-button\" data-id=\"c47ffe1\" data-element_type=\"widget\" data-widget_type=\"button.default\">\n\t\t\t\t<div class=\"elementor-widget-container\">\n\t\t\t\t\t\t\t<div class=\"elementor-button-wrapper\">\n\t\t\t\t\t<a class=\"elementor-button elementor-button-link elementor-size-sm\" href=\"https:\/\/ccargenesp.org\/live\/solicitud-de-membresia-individual\/\">\n\t\t\t\t\t\t<span class=\"elementor-button-content-wrapper\">\n\t\t\t\t\t\t\t\t\t<span class=\"elementor-button-text\">\u00daNETE AHORA!<\/span>\n\t\t\t\t\t<\/span>\n\t\t\t\t\t<\/a>\n\t\t\t\t<\/div>\n\t\t\t\t\t\t<\/div>\n\t\t\t\t<\/div>\n\t\t\t\t\t<\/div>\n\t\t<\/div>\n\t\t\t\t<div class=\"elementor-column elementor-col-50 elementor-top-column elementor-element elementor-element-6405fea\" data-id=\"6405fea\" data-element_type=\"column\" data-settings=\"{&quot;background_background&quot;:&quot;classic&quot;}\">\n\t\t\t<div class=\"elementor-widget-wrap elementor-element-populated\">\n\t\t\t\t\t\t<div class=\"elementor-element elementor-element-51b0bd5 elementor-invisible elementor-widget elementor-widget-heading\" data-id=\"51b0bd5\" data-element_type=\"widget\" data-settings=\"{&quot;_animation&quot;:&quot;fadeInRight&quot;}\" data-widget_type=\"heading.default\">\n\t\t\t\t<div class=\"elementor-widget-container\">\n\t\t\t<h2 class=\"elementor-heading-title elementor-size-default\">Membres\u00eda Corporativa Standard<\/h2>\t\t<\/div>\n\t\t\t\t<\/div>\n\t\t\t\t<div class=\"elementor-element elementor-element-f4bd330 elementor-invisible elementor-widget elementor-widget-image\" data-id=\"f4bd330\" data-element_type=\"widget\" data-settings=\"{&quot;_animation&quot;:&quot;fadeInDown&quot;}\" data-widget_type=\"image.default\">\n\t\t\t\t<div class=\"elementor-widget-container\">\n\t\t\t\t\t\t\t\t\t\t\t\t\t<img decoding=\"async\" width=\"720\" height=\"404\" src=\"https:\/\/ccargenesp.org\/live\/wp-content\/uploads\/2025\/03\/000coorpstandard-1024x575.jpg\" class=\"attachment-large size-large wp-image-3007\" alt=\"\" srcset=\"https:\/\/ccargenesp.org\/live\/wp-content\/uploads\/2025\/03\/000coorpstandard-1024x575.jpg 1024w, https:\/\/ccargenesp.org\/live\/wp-content\/uploads\/2025\/03\/000coorpstandard-300x168.jpg 300w, https:\/\/ccargenesp.org\/live\/wp-content\/uploads\/2025\/03\/000coorpstandard-768x431.jpg 768w, https:\/\/ccargenesp.org\/live\/wp-content\/uploads\/2025\/03\/000coorpstandard-600x337.jpg 600w, https:\/\/ccargenesp.org\/live\/wp-content\/uploads\/2025\/03\/000coorpstandard.jpg 1140w\" sizes=\"(max-width: 720px) 100vw, 720px\" \/>\t\t\t\t\t\t\t\t\t\t\t\t\t<\/div>\n\t\t\t\t<\/div>\n\t\t\t\t<div class=\"elementor-element elementor-element-ef1a1c3 elementor-invisible elementor-widget elementor-widget-text-editor\" data-id=\"ef1a1c3\" data-element_type=\"widget\" data-settings=\"{&quot;_animation&quot;:&quot;fadeInUp&quot;}\" data-widget_type=\"text-editor.default\">\n\t\t\t\t<div class=\"elementor-widget-container\">\n\t\t\t\t\t\t\t<p><span style=\"color: #ffffff;\">Esta membres\u00eda est\u00e1 dise\u00f1ada para empresas peque\u00f1as y medianas o entidades jur\u00eddicas interesadas en fortalecer sus lazos comerciales entre Argentina y Espa\u00f1a. Comprende los siguientes beneficios:<\/span><\/p><ul><li style=\"list-style-type: none;\"><ul><li><span style=\"color: #ffffff;\">Acceso preferencial a eventos, ferias y misiones comerciales organizadas por la C\u00e1mara.<\/span><\/li><li><span style=\"color: #ffffff;\">Oportunidad de aparecer en el directorio de empresas de la C\u00e1mara.<\/span><\/li><li><span style=\"color: #ffffff;\">Acceso a eventos de asesoramiento empresarial en comercio exterior y oportunidades de inversi\u00f3n.<\/span><\/li><li><span style=\"color: #ffffff;\">Participaci\u00f3n en grupos de trabajo y comit\u00e9s sectoriales.<\/span><\/li><li><span style=\"color: #ffffff;\">Derecho a voto en la Asamblea General.<\/span><\/li><\/ul><\/li><\/ul>\t\t\t\t\t\t<\/div>\n\t\t\t\t<\/div>\n\t\t\t\t<div class=\"elementor-element elementor-element-379613c elementor-invisible elementor-widget elementor-widget-text-editor\" data-id=\"379613c\" data-element_type=\"widget\" data-settings=\"{&quot;_animation&quot;:&quot;fadeIn&quot;}\" data-widget_type=\"text-editor.default\">\n\t\t\t\t<div class=\"elementor-widget-container\">\n\t\t\t\t\t\t\t<blockquote><h3 style=\"text-align: center;\"><span style=\"color: #333333;\">Potencia tu empresa y aprovecha nuevas oportunidades de inversi\u00f3n<\/span><\/h3><\/blockquote>\t\t\t\t\t\t<\/div>\n\t\t\t\t<\/div>\n\t\t\t\t<div class=\"elementor-element elementor-element-2fdf024 elementor-align-center elementor-widget elementor-widget-button\" data-id=\"2fdf024\" data-element_type=\"widget\" data-widget_type=\"button.default\">\n\t\t\t\t<div class=\"elementor-widget-container\">\n\t\t\t\t\t\t\t<div class=\"elementor-button-wrapper\">\n\t\t\t\t\t<a class=\"elementor-button elementor-button-link elementor-size-sm\" href=\"https:\/\/ccargenesp.org\/live\/solicitud-de-membresia-corporativa-standard\/\">\n\t\t\t\t\t\t<span class=\"elementor-button-content-wrapper\">\n\t\t\t\t\t\t\t\t\t<span class=\"elementor-button-text\">AS\u00d3CIATE AHORA!<\/span>\n\t\t\t\t\t<\/span>\n\t\t\t\t\t<\/a>\n\t\t\t\t<\/div>\n\t\t\t\t\t\t<\/div>\n\t\t\t\t<\/div>\n\t\t\t\t\t<\/div>\n\t\t<\/div>\n\t\t\t\t\t<\/div>\n\t\t<\/section>\n\t\t\t\t<section class=\"elementor-section elementor-top-section elementor-element elementor-element-b5dc8e9 elementor-section-boxed elementor-section-height-default elementor-section-height-default\" data-id=\"b5dc8e9\" data-element_type=\"section\">\n\t\t\t\t\t\t<div class=\"elementor-container elementor-column-gap-default\">\n\t\t\t\t\t<div class=\"elementor-column elementor-col-50 elementor-top-column elementor-element elementor-element-e94f289\" data-id=\"e94f289\" data-element_type=\"column\" data-settings=\"{&quot;background_background&quot;:&quot;classic&quot;}\">\n\t\t\t<div class=\"elementor-widget-wrap elementor-element-populated\">\n\t\t\t\t\t\t<div class=\"elementor-element elementor-element-5b400c2 elementor-invisible elementor-widget elementor-widget-heading\" data-id=\"5b400c2\" data-element_type=\"widget\" data-settings=\"{&quot;_animation&quot;:&quot;fadeInUp&quot;}\" data-widget_type=\"heading.default\">\n\t\t\t\t<div class=\"elementor-widget-container\">\n\t\t\t<h2 class=\"elementor-heading-title elementor-size-default\">Membres\u00eda Corporativa Premium<\/h2>\t\t<\/div>\n\t\t\t\t<\/div>\n\t\t\t\t<div class=\"elementor-element elementor-element-ab13a8e elementor-invisible elementor-widget elementor-widget-image\" data-id=\"ab13a8e\" data-element_type=\"widget\" data-settings=\"{&quot;_animation&quot;:&quot;fadeInDown&quot;}\" data-widget_type=\"image.default\">\n\t\t\t\t<div class=\"elementor-widget-container\">\n\t\t\t\t\t\t\t\t\t\t\t\t\t<img decoding=\"async\" width=\"626\" height=\"456\" src=\"https:\/\/ccargenesp.org\/live\/wp-content\/uploads\/2025\/03\/000coorp1.jpg\" class=\"attachment-large size-large wp-image-3024\" alt=\"\" srcset=\"https:\/\/ccargenesp.org\/live\/wp-content\/uploads\/2025\/03\/000coorp1.jpg 626w, https:\/\/ccargenesp.org\/live\/wp-content\/uploads\/2025\/03\/000coorp1-300x219.jpg 300w, https:\/\/ccargenesp.org\/live\/wp-content\/uploads\/2025\/03\/000coorp1-600x437.jpg 600w\" sizes=\"(max-width: 626px) 100vw, 626px\" \/>\t\t\t\t\t\t\t\t\t\t\t\t\t<\/div>\n\t\t\t\t<\/div>\n\t\t\t\t<div class=\"elementor-element elementor-element-4d44fe2 elementor-invisible elementor-widget elementor-widget-text-editor\" data-id=\"4d44fe2\" data-element_type=\"widget\" data-settings=\"{&quot;_animation&quot;:&quot;fadeInLeft&quot;}\" data-widget_type=\"text-editor.default\">\n\t\t\t\t<div class=\"elementor-widget-container\">\n\t\t\t\t\t\t\t<p><span style=\"color: #ffffff;\">Membres\u00eda orientada a Empresas grandes o multinacionales que buscan una mayor visibilidad y participaci\u00f3n activa en la C\u00e1mara. Posee los beneficios de la versi\u00f3n standard y los beneficios adicionales:<\/span><\/p><ul><li style=\"list-style-type: none;\"><ul><li><span style=\"color: #ffffff;\">Participaci\u00f3n destacada en eventos y actividades organizadas por la C\u00e1mara.<\/span><\/li><li><span style=\"color: #ffffff;\">Acceso a eventos de asesor\u00eda en temas de comercio exterior, normativas legales, impositivas y jur\u00eddicas, expansi\u00f3n internacional, etc.<\/span><\/li><li><span style=\"color: #ffffff;\">Oportunidad de realizar presentaciones exclusivas sobre sus productos o servicios en los eventos de la C\u00e1mara.<\/span><\/li><li><span style=\"color: #ffffff;\">Invitaciones exclusivas a eventos de alto nivel, incluyendo encuentros privados con funcionarios, diplom\u00e1ticos y l\u00edderes empresariales.<\/span><\/li><li><span style=\"color: #ffffff;\">Derecho a voz y voto en la Asamblea General, con posibilidad de postularse para cargos directivos.<\/span><\/li><li><span style=\"color: #ffffff;\">Direcci\u00f3n y\/o Coordinaci\u00f3n de un grupo de trabajo o comit\u00e9 sectorial.<\/span><\/li><\/ul><\/li><\/ul>\t\t\t\t\t\t<\/div>\n\t\t\t\t<\/div>\n\t\t\t\t<div class=\"elementor-element elementor-element-6ef0011 elementor-invisible elementor-widget elementor-widget-text-editor\" data-id=\"6ef0011\" data-element_type=\"widget\" data-settings=\"{&quot;_animation&quot;:&quot;fadeIn&quot;}\" data-widget_type=\"text-editor.default\">\n\t\t\t\t<div class=\"elementor-widget-container\">\n\t\t\t\t\t\t\t<blockquote><h3 style=\"text-align: center;\"><span style=\"color: #333333;\">Promueve tu organizaci\u00f3n y genera nuevos mercados<\/span><\/h3><\/blockquote>\t\t\t\t\t\t<\/div>\n\t\t\t\t<\/div>\n\t\t\t\t<div class=\"elementor-element elementor-element-7628cb2 elementor-align-center elementor-widget elementor-widget-button\" data-id=\"7628cb2\" data-element_type=\"widget\" data-widget_type=\"button.default\">\n\t\t\t\t<div class=\"elementor-widget-container\">\n\t\t\t\t\t\t\t<div class=\"elementor-button-wrapper\">\n\t\t\t\t\t<a class=\"elementor-button elementor-button-link elementor-size-sm\" href=\"https:\/\/ccargenesp.org\/live\/solicitud-de-membresia-corporativa-premium\/\">\n\t\t\t\t\t\t<span class=\"elementor-button-content-wrapper\">\n\t\t\t\t\t\t\t\t\t<span class=\"elementor-button-text\">\u00daNETE AHORA!<\/span>\n\t\t\t\t\t<\/span>\n\t\t\t\t\t<\/a>\n\t\t\t\t<\/div>\n\t\t\t\t\t\t<\/div>\n\t\t\t\t<\/div>\n\t\t\t\t\t<\/div>\n\t\t<\/div>\n\t\t\t\t<div class=\"elementor-column elementor-col-50 elementor-top-column elementor-element elementor-element-e3faf3e\" data-id=\"e3faf3e\" data-element_type=\"column\" data-settings=\"{&quot;background_background&quot;:&quot;classic&quot;}\">\n\t\t\t<div class=\"elementor-widget-wrap elementor-element-populated\">\n\t\t\t\t\t\t<div class=\"elementor-element elementor-element-85eb156 elementor-invisible elementor-widget elementor-widget-heading\" data-id=\"85eb156\" data-element_type=\"widget\" data-settings=\"{&quot;_animation&quot;:&quot;fadeInRight&quot;}\" data-widget_type=\"heading.default\">\n\t\t\t\t<div class=\"elementor-widget-container\">\n\t\t\t<h2 class=\"elementor-heading-title elementor-size-default\">Miembro Benefactor<\/h2>\t\t<\/div>\n\t\t\t\t<\/div>\n\t\t\t\t<div class=\"elementor-element elementor-element-90d510e elementor-invisible elementor-widget elementor-widget-image\" data-id=\"90d510e\" data-element_type=\"widget\" data-settings=\"{&quot;_animation&quot;:&quot;fadeInUp&quot;}\" data-widget_type=\"image.default\">\n\t\t\t\t<div class=\"elementor-widget-container\">\n\t\t\t\t\t\t\t\t\t\t\t\t\t<img loading=\"lazy\" decoding=\"async\" width=\"720\" height=\"480\" src=\"https:\/\/ccargenesp.org\/live\/wp-content\/uploads\/2025\/03\/pexels-tima-miroshnichenko-5717582-1024x683.jpg\" class=\"attachment-large size-large wp-image-3028\" alt=\"\" srcset=\"https:\/\/ccargenesp.org\/live\/wp-content\/uploads\/2025\/03\/pexels-tima-miroshnichenko-5717582-1024x683.jpg 1024w, https:\/\/ccargenesp.org\/live\/wp-content\/uploads\/2025\/03\/pexels-tima-miroshnichenko-5717582-300x200.jpg 300w, https:\/\/ccargenesp.org\/live\/wp-content\/uploads\/2025\/03\/pexels-tima-miroshnichenko-5717582-768x512.jpg 768w, https:\/\/ccargenesp.org\/live\/wp-content\/uploads\/2025\/03\/pexels-tima-miroshnichenko-5717582-1536x1024.jpg 1536w, https:\/\/ccargenesp.org\/live\/wp-content\/uploads\/2025\/03\/pexels-tima-miroshnichenko-5717582-2048x1365.jpg 2048w, https:\/\/ccargenesp.org\/live\/wp-content\/uploads\/2025\/03\/pexels-tima-miroshnichenko-5717582-600x400.jpg 600w\" sizes=\"(max-width: 720px) 100vw, 720px\" \/>\t\t\t\t\t\t\t\t\t\t\t\t\t<\/div>\n\t\t\t\t<\/div>\n\t\t\t\t<div class=\"elementor-element elementor-element-f497472 elementor-invisible elementor-widget elementor-widget-text-editor\" data-id=\"f497472\" data-element_type=\"widget\" data-settings=\"{&quot;_animation&quot;:&quot;fadeInLeft&quot;}\" data-widget_type=\"text-editor.default\">\n\t\t\t\t<div class=\"elementor-widget-container\">\n\t\t\t\t\t\t\t<p><span style=\"color: #ffffff;\">Incluye todos los derechos y beneficios disponibles para los Miembros Corporativos Premium y un asiento en la Junta Directiva, siempre que haya sido miembro durante al menos 180 d\u00edas antes del d\u00eda de la elecci\u00f3n. A su vez deber\u00e1 ser previamente aprobado por la junta directiva.&nbsp;<\/span><span style=\"color: rgb(255, 255, 255);\">Cualquier otro derecho y beneficio adicional que le confiera la Junta Directiva.<\/span><\/p>\t\t\t\t\t\t<\/div>\n\t\t\t\t<\/div>\n\t\t\t\t<div class=\"elementor-element elementor-element-dff261d elementor-invisible elementor-widget elementor-widget-text-editor\" data-id=\"dff261d\" data-element_type=\"widget\" data-settings=\"{&quot;_animation&quot;:&quot;fadeIn&quot;}\" data-widget_type=\"text-editor.default\">\n\t\t\t\t<div class=\"elementor-widget-container\">\n\t\t\t\t\t\t\t<blockquote><h3 style=\"text-align: center;\"><span style=\"color: #333333;\">Deja tu huella promoviendo nuevas oportunidades de crecimiento<\/span><\/h3><\/blockquote>\t\t\t\t\t\t<\/div>\n\t\t\t\t<\/div>\n\t\t\t\t<div class=\"elementor-element elementor-element-efa3b6c elementor-align-center elementor-widget elementor-widget-button\" data-id=\"efa3b6c\" data-element_type=\"widget\" data-widget_type=\"button.default\">\n\t\t\t\t<div class=\"elementor-widget-container\">\n\t\t\t\t\t\t\t<div class=\"elementor-button-wrapper\">\n\t\t\t\t\t<a class=\"elementor-button elementor-button-link elementor-size-sm\" href=\"https:\/\/ccargenesp.org\/live\/solicitud-de-miembro-benefactor\/\">\n\t\t\t\t\t\t<span class=\"elementor-button-content-wrapper\">\n\t\t\t\t\t\t\t\t\t<span class=\"elementor-button-text\">CONVI\u00c9RTETE EN MIEMBRO BENEFACTOR!<\/span>\n\t\t\t\t\t<\/span>\n\t\t\t\t\t<\/a>\n\t\t\t\t<\/div>\n\t\t\t\t\t\t<\/div>\n\t\t\t\t<\/div>\n\t\t\t\t\t<\/div>\n\t\t<\/div>\n\t\t\t\t\t<\/div>\n\t\t<\/section>\n\t\t\t\t<\/div>\n\t\t","protected":false},"excerpt":{"rendered":"<p>Membres\u00edas Membres\u00eda Individual Membres\u00eda orientada especialmente a personas f\u00edsicas interesadas en participar activamente en las actividades de la C\u00e1mara, ya sea como empresarios, profesionales o acad\u00e9micos. Los beneficios de esta membres\u00eda incluyen: \u00a0Acceso a eventos, seminarios y conferencias organizados por la C\u00e1mara. Oportunidades de Networking con otros profesionales y empresarios. Acceso a publicaciones, boletines y estudios sobre comercio bilateral. Derecho [&hellip;]<\/p>\n","protected":false},"author":2,"featured_media":0,"parent":0,"menu_order":0,"comment_status":"closed","ping_status":"closed","template":"elementor_header_footer","meta":{"footnotes":""},"class_list":["post-99","page","type-page","status-publish","hentry"],"_links":{"self":[{"href":"https:\/\/ccargenesp.org\/live\/wp-json\/wp\/v2\/pages\/99","targetHints":{"allow":["GET"]}}],"collection":[{"href":"https:\/\/ccargenesp.org\/live\/wp-json\/wp\/v2\/pages"}],"about":[{"href":"https:\/\/ccargenesp.org\/live\/wp-json\/wp\/v2\/types\/page"}],"author":[{"embeddable":true,"href":"https:\/\/ccargenesp.org\/live\/wp-json\/wp\/v2\/users\/2"}],"replies":[{"embeddable":true,"href":"https:\/\/ccargenesp.org\/live\/wp-json\/wp\/v2\/comments?post=99"}],"version-history":[{"count":231,"href":"https:\/\/ccargenesp.org\/live\/wp-json\/wp\/v2\/pages\/99\/revisions"}],"predecessor-version":[{"id":3159,"href":"https:\/\/ccargenesp.org\/live\/wp-json\/wp\/v2\/pages\/99\/revisions\/3159"}],"wp:attachment":[{"href":"https:\/\/ccargenesp.org\/live\/wp-json\/wp\/v2\/media?parent=99"}],"curies":[{"name":"wp","href":"https:\/\/api.w.org\/{rel}","templated":true}]}}